{"id":444,"date":"2016-10-14T16:45:20","date_gmt":"2016-10-14T14:45:20","guid":{"rendered":"http:\/\/www.cordevocali.com\/?page_id=444"},"modified":"2019-10-11T11:12:53","modified_gmt":"2019-10-11T09:12:53","slug":"il-nostro-maestro","status":"publish","type":"page","link":"https:\/\/www.cordevocali.com\/index.php\/il-nostro-maestro\/","title":{"rendered":"Il Nostro Maestro"},"content":{"rendered":"<p><strong>Leonardo <em>Leo<\/em> Morini<\/strong> ha conseguito il diploma di organo e composizione organistica al <strong>Conservatorio \u00abA.Boito\u00bb di Parma<\/strong> nel 1986 con il M\u00ba Francesco Tasini. Svolge attivit\u00e0 concertistica, didattica e come compositore. Ha collaborato con numerose orchestre e gruppi musicali, fra i quali l&#8217;<strong>Orchestra Sinfonica del&#8217;Emilia Romagna, la Camerata Ducale,<\/strong> con la quale ha inciso un disco di autori parmigiani del XVIII secolo, l&#8217;<strong>Ensemble Guidantus<\/strong>, con il quale ha inciso le <strong>Quattro Stagioni di Vivaldi<\/strong>,<strong> i Virtuosi italiani, l&#8217;ensemble\u00a0La Venexiana\u00a0e l&#8217;Aura Soave. Ha suonato con Fabio Biondi, Severino Gazzelloni, Cecilia Gasdia, Emma Kirkby.<\/strong> \u00c8 stato clavicembalista degli\u00a0<strong>Orfei farnesiani<\/strong>\u00a0con i quali ha inciso vari CD per <strong>Tactus<\/strong> (incisioni che hanno avuto lusinghiere recensioni sulle importanti riviste specializzate italiane e straniere) e con cui svolge attivit\u00e0 concertistica in Italia ed all&#8217;estero.<\/p>\n<p>E\u2019 stato direttore del Coro <strong>\u201cCitt\u00e0 di Parma\u201d e dell\u2019Ensemble \u201cSermisy\u201d<\/strong>. Dal 1994 dirige il coro del <strong>Liceo scientifico \u201cUlivi\u201d<\/strong>, dal 2003 il coro del <strong>Liceo Classico \u201cRomagnosi\u201d <\/strong>(col quale ha vinto il\u00a017\u00b0 Concorso Nazionale per Cori Scolastici di Verona), dal 2010 il coro del <strong>Liceo \u201cMarconi\u201d<\/strong> e dal 1994 il coro<strong> \u201cQuod Libet\u201d<\/strong>, con cui ha vinto un concorso nazionale. Ha diretto il <strong>Quod Libet<\/strong> nella trasmissione <strong>\u201cMilonga Station\u201d<\/strong> trasmessa su <strong>RAI3<\/strong> e ha preparato il coro per l&#8217;esecuzione della <strong>Misa Criolla<\/strong> con <strong>Jos\u00e8 Carreras<\/strong> nel 2010. Dal 2007 al 2009 ha diretto il coro interscolastico <strong>\u201cParmaincontra\u201d<\/strong> nato nell\u2019ambito dell\u2019omonimo concorso indetto dalla Fondazione Cariparma. Svolge attivit\u00e0 come compositore. Alcune sue canzoni sono state premiate in diversi concorsi nazionali. Ha realizzato alcune musiche per un Cd multimediale sul Parco Ducale di Parma e per il progetto didattico <strong>&#8220;Il Nutrimente&#8221;<\/strong> che ha avuto ampia diffusione nazionale. Ha realizzato le musiche per i musicals <strong>\u201cIl Gigante Egoista\u201d<\/strong>, eseguito al <strong>Teatro Regio di Parma,<\/strong> e che \u00e8 stato in <strong>tourn\u00e9e in Italia<\/strong>, <strong>\u201cMi scusi la musica dov\u2019\u00e8?\u201d<\/strong>, prodotto dal Conservatorio di Musica di Parma, <strong>\u201cLa casa con tante finestre\u201d<\/strong> e <strong>\u201cC&#8217;era una volta una norma\u201d<\/strong>. Nel 2006 ha realizzato le musiche per alcuni spettacoli presentati al Festival della Poesia di Parma diretti da Giorgio Belledi e per il libro di poesie <strong>\u201cNebulae\u201d<\/strong> di Stefania Cavazzon. Dal 1988 al 2005 ha insegnato Pianoforte presso la Scuola musicale <strong>\u201cCarl Orff\u201d<\/strong>. E\u2019 stato per vari anni accompagnatore al cembalo per il biennio di canto barocco nella classe di Cristina Curti al Conservatorio di Parma. Dal 2009 dirige il <strong>coro dell&#8217;EFSA<\/strong>.<\/p>\n<p><a href=\"https:\/\/www.cordevocali.com\/wp-content\/uploads\/2016\/10\/lkeo1.jpg\"><img loading=\"lazy\" decoding=\"async\" class=\" wp-image-453 alignleft\" src=\"https:\/\/www.cordevocali.com\/wp-content\/uploads\/2016\/10\/lkeo1.jpg\" alt=\"lkeo\" width=\"179\" height=\"361\" srcset=\"https:\/\/www.cordevocali.com\/wp-content\/uploads\/2016\/10\/lkeo1.jpg 317w, https:\/\/www.cordevocali.com\/wp-content\/uploads\/2016\/10\/lkeo1-149x300.jpg 149w\" sizes=\"(max-width: 179px) 100vw, 179px\" \/><\/a> Infine, dal 2014 dirige noi <em><strong>Cor De&#8217; Vocali<\/strong><\/em> che abbiamo raccolto l&#8217;eredit\u00e0 del coro <strong>Quod Libet<\/strong>.<br \/>\nLeo per noi non \u00e8 solo un &#8220;Direttore di coro&#8221;: \u00e8 uno di quelli che si spende per la musica (<em>non sono stato io a sceglierla, ma \u00e8 stata lei a scegliere me<\/em>) e per noi coristi (<em>sarei disposto a buttarmi gi\u00f9 da un ponte per voi<\/em>) senza mai risparmiarsi neanche un po&#8217;. Per questo noi lo identifichiamo come una sorta di <em>guida spirituale<\/em>, come la luce dei nostri canti.<\/p>\n<p>Senza Leo\u00a0perderemmo la nostra identit\u00e0.<\/p>\n<blockquote><p>La musica rende gli uomini liberi, elimina le differenze, educa a stare in societ\u00e0. Quando si canta in un coro, si \u00e8 tutti uguali davanti alla polifonia.<\/p><\/blockquote>\n","protected":false},"excerpt":{"rendered":"<p>Leonardo Leo Morini ha conseguito il diploma di organo e composizione organistica al Conservatorio \u00abA.Boito\u00bb di Parma nel 1986 con il M\u00ba Francesco Tasini. Svolge attivit\u00e0 concertistica, didattica e come compositore. Ha collaborato con numerose orchestre e gruppi musicali, fra i quali l&#8217;Orchestra Sinfonica del&#8217;Emilia Romagna, la Camerata Ducale, con la quale ha inciso un<a href=\"https:\/\/www.cordevocali.com\/index.php\/il-nostro-maestro\/\">[&#8230;]<\/a><\/p>\n","protected":false},"author":1,"featured_media":0,"parent":0,"menu_order":1,"comment_status":"closed","ping_status":"closed","template":"","meta":{"footnotes":""},"_links":{"self":[{"href":"https:\/\/www.cordevocali.com\/index.php\/wp-json\/wp\/v2\/pages\/444"}],"collection":[{"href":"https:\/\/www.cordevocali.com\/index.php\/wp-json\/wp\/v2\/pages"}],"about":[{"href":"https:\/\/www.cordevocali.com\/index.php\/wp-json\/wp\/v2\/types\/page"}],"author":[{"embeddable":true,"href":"https:\/\/www.cordevocali.com\/index.php\/wp-json\/wp\/v2\/users\/1"}],"replies":[{"embeddable":true,"href":"https:\/\/www.cordevocali.com\/index.php\/wp-json\/wp\/v2\/comments?post=444"}],"version-history":[{"count":18,"href":"https:\/\/www.cordevocali.com\/index.php\/wp-json\/wp\/v2\/pages\/444\/revisions"}],"predecessor-version":[{"id":1038,"href":"https:\/\/www.cordevocali.com\/index.php\/wp-json\/wp\/v2\/pages\/444\/revisions\/1038"}],"wp:attachment":[{"href":"https:\/\/www.cordevocali.com\/index.php\/wp-json\/wp\/v2\/media?parent=444"}],"curies":[{"name":"wp","href":"https:\/\/api.w.org\/{rel}","templated":true}]}}